{"id":680,"date":"2019-04-12T21:33:52","date_gmt":"2019-04-12T19:33:52","guid":{"rendered":"https:\/\/caresproject.org\/werkbank\/"},"modified":"2020-05-16T08:57:10","modified_gmt":"2020-05-16T06:57:10","slug":"werkbank","status":"publish","type":"page","link":"https:\/\/caresproject.org\/de\/werkbank\/","title":{"rendered":"Werkbank"},"content":{"rendered":"<p>[et_pb_section fb_built=&#8220;1&#8243; fullwidth=&#8220;on&#8220; _builder_version=&#8220;3.22&#8243; fb_built=&#8220;1&#8243; bb_built=&#8220;1&#8243; _i=&#8220;0&#8243; _address=&#8220;0&#8243;][et_pb_fullwidth_header title=&#8220;Werkbank | Archiv&#8220; header_fullscreen=&#8220;on&#8220; _builder_version=&#8220;3.27.3&#8243; background_color=&#8220;#34496b&#8220; background_image=&#8220;https:\/\/caresproject.org\/wp-content\/uploads\/2019\/03\/DSC03781.jpg&#8220; background_position=&#8220;bottom_center&#8220; _i=&#8220;0&#8243; _address=&#8220;0.0&#8243;]<\/p>\n<p>Im Geiste des gemeinsamen Lernens und der Transparenz laden wir Sie herzlich ein, in diesem <em>Arbeitsraum<\/em> ausgew\u00e4hlte Arbeitsergebnisse, Publikationen und \u00f6ffentliche Beitr\u00e4ge von PolitiCares und SportCares zu durchst\u00f6bern. Wir freuen uns auf Ihre Kommentare und Input. Das vorgeschlagene Zitierformat wird bei entsprechenden Dokumenten zu Ihrer Verwendung angegeben.<\/p>\n<p>[\/et_pb_fullwidth_header][\/et_pb_section][et_pb_section fb_built=&#8220;1&#8243; _builder_version=&#8220;3.22&#8243; fb_built=&#8220;1&#8243; bb_built=&#8220;1&#8243; _i=&#8220;1&#8243; _address=&#8220;1&#8243;][et_pb_row _builder_version=&#8220;3.25&#8243; _i=&#8220;0&#8243; _address=&#8220;1.0&#8243;][et_pb_column type=&#8220;4_4&#8243; _builder_version=&#8220;3.25&#8243; custom_padding=&#8220;|||&#8220; _i=&#8220;0&#8243; _address=&#8220;1.0.0&#8243; custom_padding__hover=&#8220;|||&#8220;][et_pb_blog fullwidth=&#8220;off&#8220; posts_number=&#8220;9&#8243; include_categories=&#8220;45&#8243; show_author=&#8220;off&#8220; module_class=&#8220;sensei-grid&#8220; _builder_version=&#8220;3.27.3&#8243; body_line_height=&#8220;24px&#8220; hover_enabled=&#8220;0&#8243; _i=&#8220;0&#8243; _address=&#8220;1.0.0.0&#8243;][\/et_pb_blog][\/et_pb_column][\/et_pb_row][\/et_pb_section]<\/p>\n","protected":false},"excerpt":{"rendered":"<p>Im Geiste des gemeinsamen Lernens und der Transparenz laden wir Sie herzlich ein, in diesem Arbeitsraum ausgew\u00e4hlte Arbeitsergebnisse, Publikationen und \u00f6ffentliche Beitr\u00e4ge von PolitiCares und SportCares zu durchst\u00f6bern. Wir freuen uns auf Ihre Kommentare und Input. Das vorgeschlagene Zitierformat wird bei entsprechenden Dokumenten zu Ihrer Verwendung angegeben.<\/p>\n","protected":false},"author":1,"featured_media":0,"parent":0,"menu_order":0,"comment_status":"closed","ping_status":"closed","template":"","meta":{"_et_pb_use_builder":"on","_et_pb_old_content":"<!-- wp:divi\/placeholder \/-->","_et_gb_content_width":"","footnotes":""},"acf":[],"yoast_head":"<!-- This site is optimized with the Yoast SEO plugin v21.7 - https:\/\/yoast.com\/wordpress\/plugins\/seo\/ -->\n<title>Werkbank - PolitiCares &amp; SportCares<\/title>\n<meta name=\"robots\" content=\"index, follow, max-snippet:-1, max-image-preview:large, max-video-preview:-1\" \/>\n<link rel=\"canonical\" href=\"https:\/\/caresproject.org\/de\/werkbank\/\" \/>\n<meta property=\"og:locale\" content=\"de_DE\" \/>\n<meta property=\"og:type\" content=\"article\" \/>\n<meta property=\"og:title\" content=\"Werkbank - PolitiCares &amp; SportCares\" \/>\n<meta property=\"og:description\" content=\"Im Geiste des gemeinsamen Lernens und der Transparenz laden wir Sie herzlich ein, in diesem Arbeitsraum ausgew\u00e4hlte Arbeitsergebnisse, Publikationen und \u00f6ffentliche Beitr\u00e4ge von PolitiCares und SportCares zu durchst\u00f6bern. Wir freuen uns auf Ihre Kommentare und Input. Das vorgeschlagene Zitierformat wird bei entsprechenden Dokumenten zu Ihrer Verwendung angegeben.\" \/>\n<meta property=\"og:url\" content=\"https:\/\/caresproject.org\/de\/werkbank\/\" \/>\n<meta property=\"og:site_name\" content=\"PolitiCares &amp; SportCares\" \/>\n<meta property=\"article:modified_time\" content=\"2020-05-16T06:57:10+00:00\" \/>\n<meta name=\"twitter:card\" content=\"summary_large_image\" \/>\n<meta name=\"twitter:label1\" content=\"Gesch\u00e4tzte Lesezeit\" \/>\n\t<meta name=\"twitter:data1\" content=\"1\u00a0Minute\" \/>\n<script type=\"application\/ld+json\" class=\"yoast-schema-graph\">{\"@context\":\"https:\/\/schema.org\",\"@graph\":[{\"@type\":\"WebPage\",\"@id\":\"https:\/\/caresproject.org\/de\/werkbank\/\",\"url\":\"https:\/\/caresproject.org\/de\/werkbank\/\",\"name\":\"Werkbank - PolitiCares &amp; SportCares\",\"isPartOf\":{\"@id\":\"https:\/\/caresproject.org\/#website\"},\"datePublished\":\"2019-04-12T19:33:52+00:00\",\"dateModified\":\"2020-05-16T06:57:10+00:00\",\"breadcrumb\":{\"@id\":\"https:\/\/caresproject.org\/de\/werkbank\/#breadcrumb\"},\"inLanguage\":\"de\",\"potentialAction\":[{\"@type\":\"ReadAction\",\"target\":[\"https:\/\/caresproject.org\/de\/werkbank\/\"]}]},{\"@type\":\"BreadcrumbList\",\"@id\":\"https:\/\/caresproject.org\/de\/werkbank\/#breadcrumb\",\"itemListElement\":[{\"@type\":\"ListItem\",\"position\":1,\"name\":\"Home\",\"item\":\"https:\/\/caresproject.org\/\"},{\"@type\":\"ListItem\",\"position\":2,\"name\":\"Werkbank\"}]},{\"@type\":\"WebSite\",\"@id\":\"https:\/\/caresproject.org\/#website\",\"url\":\"https:\/\/caresproject.org\/\",\"name\":\"PolitiCares &amp; SportCares\",\"description\":\"Consultancy in Political Affairs &amp; Sport Policy\",\"potentialAction\":[{\"@type\":\"SearchAction\",\"target\":{\"@type\":\"EntryPoint\",\"urlTemplate\":\"https:\/\/caresproject.org\/?s={search_term_string}\"},\"query-input\":\"required name=search_term_string\"}],\"inLanguage\":\"de\"}]}<\/script>\n<!-- \/ Yoast SEO plugin. -->","yoast_head_json":{"title":"Werkbank - PolitiCares &amp; SportCares","robots":{"index":"index","follow":"follow","max-snippet":"max-snippet:-1","max-image-preview":"max-image-preview:large","max-video-preview":"max-video-preview:-1"},"canonical":"https:\/\/caresproject.org\/de\/werkbank\/","og_locale":"de_DE","og_type":"article","og_title":"Werkbank - PolitiCares &amp; SportCares","og_description":"Im Geiste des gemeinsamen Lernens und der Transparenz laden wir Sie herzlich ein, in diesem Arbeitsraum ausgew\u00e4hlte Arbeitsergebnisse, Publikationen und \u00f6ffentliche Beitr\u00e4ge von PolitiCares und SportCares zu durchst\u00f6bern. Wir freuen uns auf Ihre Kommentare und Input. Das vorgeschlagene Zitierformat wird bei entsprechenden Dokumenten zu Ihrer Verwendung angegeben.","og_url":"https:\/\/caresproject.org\/de\/werkbank\/","og_site_name":"PolitiCares &amp; SportCares","article_modified_time":"2020-05-16T06:57:10+00:00","twitter_card":"summary_large_image","twitter_misc":{"Gesch\u00e4tzte Lesezeit":"1\u00a0Minute"},"schema":{"@context":"https:\/\/schema.org","@graph":[{"@type":"WebPage","@id":"https:\/\/caresproject.org\/de\/werkbank\/","url":"https:\/\/caresproject.org\/de\/werkbank\/","name":"Werkbank - PolitiCares &amp; SportCares","isPartOf":{"@id":"https:\/\/caresproject.org\/#website"},"datePublished":"2019-04-12T19:33:52+00:00","dateModified":"2020-05-16T06:57:10+00:00","breadcrumb":{"@id":"https:\/\/caresproject.org\/de\/werkbank\/#breadcrumb"},"inLanguage":"de","potentialAction":[{"@type":"ReadAction","target":["https:\/\/caresproject.org\/de\/werkbank\/"]}]},{"@type":"BreadcrumbList","@id":"https:\/\/caresproject.org\/de\/werkbank\/#breadcrumb","itemListElement":[{"@type":"ListItem","position":1,"name":"Home","item":"https:\/\/caresproject.org\/"},{"@type":"ListItem","position":2,"name":"Werkbank"}]},{"@type":"WebSite","@id":"https:\/\/caresproject.org\/#website","url":"https:\/\/caresproject.org\/","name":"PolitiCares &amp; SportCares","description":"Consultancy in Political Affairs &amp; Sport Policy","potentialAction":[{"@type":"SearchAction","target":{"@type":"EntryPoint","urlTemplate":"https:\/\/caresproject.org\/?s={search_term_string}"},"query-input":"required name=search_term_string"}],"inLanguage":"de"}]}},"_links":{"self":[{"href":"https:\/\/caresproject.org\/de\/wp-json\/wp\/v2\/pages\/680"}],"collection":[{"href":"https:\/\/caresproject.org\/de\/wp-json\/wp\/v2\/pages"}],"about":[{"href":"https:\/\/caresproject.org\/de\/wp-json\/wp\/v2\/types\/page"}],"author":[{"embeddable":true,"href":"https:\/\/caresproject.org\/de\/wp-json\/wp\/v2\/users\/1"}],"replies":[{"embeddable":true,"href":"https:\/\/caresproject.org\/de\/wp-json\/wp\/v2\/comments?post=680"}],"version-history":[{"count":11,"href":"https:\/\/caresproject.org\/de\/wp-json\/wp\/v2\/pages\/680\/revisions"}],"predecessor-version":[{"id":1211,"href":"https:\/\/caresproject.org\/de\/wp-json\/wp\/v2\/pages\/680\/revisions\/1211"}],"wp:attachment":[{"href":"https:\/\/caresproject.org\/de\/wp-json\/wp\/v2\/media?parent=680"}],"curies":[{"name":"wp","href":"https:\/\/api.w.org\/{rel}","templated":true}]}}